{"id":543,"date":"2024-05-10T07:01:25","date_gmt":"2024-05-10T07:01:25","guid":{"rendered":"https:\/\/test.thealleyresidences.com\/?page_id=543"},"modified":"2025-01-27T12:15:56","modified_gmt":"2025-01-27T12:15:56","slug":"cookies","status":"publish","type":"page","link":"https:\/\/test.thealleyresidences.com\/es\/cookies\/","title":{"rendered":"Cookies"},"content":{"rendered":"\t\t<div data-elementor-type=\"wp-page\" data-elementor-id=\"543\" class=\"elementor elementor-543\" data-elementor-post-type=\"page\">\n\t\t\t\t<div class=\"elementor-element elementor-element-693d01bd e-flex e-con-boxed e-con e-parent\" data-id=\"693d01bd\" data-element_type=\"container\">\n\t\t\t\t\t<div class=\"e-con-inner\">\n\t\t<div class=\"elementor-element elementor-element-35ad178 e-con-full e-flex e-con e-child\" data-id=\"35ad178\" data-element_type=\"container\">\n\t\t\t\t<div class=\"elementor-element elementor-element-c30e924 elementor-widget elementor-widget-heading\" data-id=\"c30e924\" data-element_type=\"widget\" data-widget_type=\"heading.default\">\n\t\t\t\t<div class=\"elementor-widget-container\">\n\t\t\t<h1 class=\"elementor-heading-title elementor-size-default\">Cookies<\/h1>\t\t<\/div>\n\t\t\t\t<\/div>\n\t\t\t\t<div class=\"elementor-element elementor-element-e88d572 elementor-widget elementor-widget-text-editor\" data-id=\"e88d572\" data-element_type=\"widget\" data-widget_type=\"text-editor.default\">\n\t\t\t\t<div class=\"elementor-widget-container\">\n\t\t\t\t\t\t\t<p>Esta p\u00e1gina se modific\u00f3 por \u00faltima vez el 13 de enero de 2025, se comprob\u00f3 por \u00faltima vez el 13 de enero de 2025 y se aplica a ciudadanos y residentes legales permanentes de Estados Unidos.<\/p><p><strong>1. Introducci\u00f3n<\/strong><br \/>Nuestro sitio web, https:\/\/test.thealleyresidences.com\/en\/ (en adelante, \u00abel sitio web\u00bb) utiliza cookies y otras tecnolog\u00edas relacionadas (para mayor comodidad, todas las tecnolog\u00edas se denominan \u00abcookies\u00bb). Las cookies tambi\u00e9n son colocadas por terceros que hemos contratado. En el siguiente documento le informamos sobre el uso de cookies en nuestro sitio web.<\/p><p><strong>2. Cookies<\/strong><br \/>Cuando visita nuestro sitio web puede ser necesario almacenar y\/o leer determinados datos de su dispositivo mediante el uso de tecnolog\u00edas como las cookies.<\/p><p><strong>2.1 Cookies t\u00e9cnicas o funcionales<\/strong><\/p><p>Algunas cookies garantizan que determinadas partes del sitio web funcionen correctamente y que sus preferencias de usuario sigan siendo conocidas. Al colocar cookies funcionales, le facilitamos la visita a nuestro sitio web. De este modo, no tendr\u00e1 que introducir repetidamente la misma informaci\u00f3n cuando visite nuestro sitio web y, por ejemplo, los art\u00edculos permanecer\u00e1n en su cesta de la compra hasta que haya pagado. Podemos colocar estas cookies sin su consentimiento.<\/p><p><b>2.2 Cookies estad\u00edsticas<\/b><\/p><p>Utilizamos cookies estad\u00edsticas para optimizar la experiencia del sitio web para nuestros usuarios. Con estas cookies estad\u00edsticas obtenemos informaci\u00f3n sobre el uso de nuestro sitio web.<\/p><p><b>2.3 Cookies de marketing\/seguimiento<\/b><\/p><p>Las cookies de marketing\/seguimiento son cookies o cualquier otra forma de almacenamiento local, utilizadas para crear perfiles de usuario para mostrar publicidad o para seguir al usuario en este sitio web o a trav\u00e9s de varios sitios web para si<\/p><p><strong>4. Consentimiento basado en navegador y dispositivo<\/strong><br \/>Cuando visite nuestro sitio web por primera vez, le mostraremos una ventana emergente con una explicaci\u00f3n sobre las cookies. Tiene derecho a excluirse y a oponerse al uso de cookies no funcionales.<\/p><p><strong>5. Activaci\u00f3n\/desactivaci\u00f3n y eliminaci\u00f3n de cookies<\/strong><br \/>Puede utilizar su navegador de Internet para eliminar cookies autom\u00e1tica o manualmente. Tambi\u00e9n puede especificar que no se coloquen determinadas cookies. Otra opci\u00f3n es cambiar la configuraci\u00f3n de su navegador de Internet para que reciba un mensaje cada vez que se instale una cookie. Para m\u00e1s informaci\u00f3n sobre estas opciones, consulte las instrucciones de la secci\u00f3n de Ayuda de su navegador.<\/p><p>Tenga en cuenta que nuestro sitio web puede no funcionar correctamente si se desactivan todas las cookies. Si elimina las cookies de su navegador, se volver\u00e1n a colocar tras su consentimiento cuando vuelva a visitar nuestro sitio web.<\/p><p><strong>6. Sus derechos con respecto a los datos personales<\/strong><br \/>Usted tiene los siguientes derechos con respecto a sus datos personales: puede presentar una solicitud de acceso a los datos que tratamos sobre usted; puede oponerse al tratamiento; puede solicitar un resumen, en un formato de uso com\u00fan, de los datos que tratamos sobre usted; puede solicitar la rectificaci\u00f3n o supresi\u00f3n de los datos si son incorrectos o ya no son pertinentes, o pedir que se restrinja su tratamiento.<br \/>Para ejercer estos derechos, p\u00f3ngase en contacto con nosotros. Consulte los datos de contacto en la parte inferior de esta Pol\u00edtica de Cookies. Si tiene alguna queja sobre c\u00f3mo tratamos sus datos, nos gustar\u00eda conocerla.<\/p><p>Para obtener m\u00e1s informaci\u00f3n sobre sus derechos con respecto a los datos personales, consulte nuestra Declaraci\u00f3n de privacidad<\/p><p><strong>7. Datos de contacto<\/strong><br \/>Para preguntas y\/o comentarios sobre nuestra Pol\u00edtica de Cookies y esta declaraci\u00f3n, p\u00f3ngase en contacto con nosotros utilizando los siguientes datos de contacto:<\/p><ul><li>Evoost Real Tech S.L<\/li><li>C\/ Jovellanos 10 BAJOIZQ, 33206 GIJON (ASTURIAS) Espa\u00f1a<\/li><li>P\u00e1gina web: https:\/\/test.thealleyresidences.com\/en\/<\/li><li>Correo electr\u00f3nico: protecciondedatos@evoost.ai<\/li><\/ul><p>\u00a0<\/p><p>Esta Pol\u00edtica de Cookies se sincroniz\u00f3 con cookiedatabase.org el 12 de junio de 2024.<\/p>\t\t\t\t\t\t<\/div>\n\t\t\t\t<\/div>\n\t\t\t\t<\/div>\n\t\t\t\t\t<\/div>\n\t\t\t\t<\/div>\n\t\t\t\t<\/div>\n\t\t","protected":false},"excerpt":{"rendered":"<p>Cookies Esta p\u00e1gina se modific\u00f3 por \u00faltima vez el 13 de enero de 2025, se comprob\u00f3 por \u00faltima vez el 13 de enero de 2025 y se aplica a ciudadanos y residentes legales permanentes de Estados Unidos. 1. Introducci\u00f3nNuestro sitio web, https:\/\/test.thealleyresidences.com\/en\/ (en adelante, \u00abel sitio web\u00bb) utiliza cookies y otras tecnolog\u00edas relacionadas (para mayor [&hellip;]<\/p>\n","protected":false},"author":1,"featured_media":0,"parent":0,"menu_order":0,"comment_status":"closed","ping_status":"closed","template":"","meta":{"_acf_changed":false,"footnotes":""},"class_list":["post-543","page","type-page","status-publish","hentry"],"acf":[],"yoast_head":"<!-- This site is optimized with the Yoast SEO plugin v23.9 - https:\/\/yoast.com\/wordpress\/plugins\/seo\/ -->\n<title>Cookies - The Alley<\/title>\n<meta name=\"robots\" content=\"noindex, follow\" \/>\n<meta property=\"og:locale\" content=\"es_ES\" \/>\n<meta property=\"og:type\" content=\"article\" \/>\n<meta property=\"og:title\" content=\"Cookies - The Alley\" \/>\n<meta property=\"og:description\" content=\"Cookies Esta p\u00e1gina se modific\u00f3 por \u00faltima vez el 13 de enero de 2025, se comprob\u00f3 por \u00faltima vez el 13 de enero de 2025 y se aplica a ciudadanos y residentes legales permanentes de Estados Unidos. 1. Introducci\u00f3nNuestro sitio web, https:\/\/test.thealleyresidences.com\/en\/ (en adelante, \u00abel sitio web\u00bb) utiliza cookies y otras tecnolog\u00edas relacionadas (para mayor [&hellip;]\" \/>\n<meta property=\"og:url\" content=\"https:\/\/test.thealleyresidences.com\/es\/cookies\/\" \/>\n<meta property=\"og:site_name\" content=\"The Alley\" \/>\n<meta property=\"article:modified_time\" content=\"2025-01-27T12:15:56+00:00\" \/>\n<meta property=\"og:image\" content=\"https:\/\/test.thealleyresidences.com\/wp-content\/uploads\/2025\/02\/alley-preview.jpg\" \/>\n\t<meta property=\"og:image:width\" content=\"400\" \/>\n\t<meta property=\"og:image:height\" content=\"400\" \/>\n\t<meta property=\"og:image:type\" content=\"image\/jpeg\" \/>\n<meta name=\"twitter:card\" content=\"summary_large_image\" \/>\n<meta name=\"twitter:label1\" content=\"Tiempo de lectura\" \/>\n\t<meta name=\"twitter:data1\" content=\"3 minutos\" \/>\n<script type=\"application\/ld+json\" class=\"yoast-schema-graph\">{\"@context\":\"https:\/\/schema.org\",\"@graph\":[{\"@type\":\"WebPage\",\"@id\":\"https:\/\/test.thealleyresidences.com\/es\/cookies\/\",\"url\":\"https:\/\/test.thealleyresidences.com\/es\/cookies\/\",\"name\":\"Cookies - The Alley\",\"isPartOf\":{\"@id\":\"https:\/\/test.thealleyresidences.com\/en\/#website\"},\"datePublished\":\"2024-05-10T07:01:25+00:00\",\"dateModified\":\"2025-01-27T12:15:56+00:00\",\"breadcrumb\":{\"@id\":\"https:\/\/test.thealleyresidences.com\/es\/cookies\/#breadcrumb\"},\"inLanguage\":\"es\",\"potentialAction\":[{\"@type\":\"ReadAction\",\"target\":[\"https:\/\/test.thealleyresidences.com\/es\/cookies\/\"]}]},{\"@type\":\"BreadcrumbList\",\"@id\":\"https:\/\/test.thealleyresidences.com\/es\/cookies\/#breadcrumb\",\"itemListElement\":[{\"@type\":\"ListItem\",\"position\":1,\"name\":\"Portada\",\"item\":\"https:\/\/test.thealleyresidences.com\/en\/\"},{\"@type\":\"ListItem\",\"position\":2,\"name\":\"Cookies\"}]},{\"@type\":\"WebSite\",\"@id\":\"https:\/\/test.thealleyresidences.com\/en\/#website\",\"url\":\"https:\/\/test.thealleyresidences.com\/en\/\",\"name\":\"The Alley\",\"description\":\"\",\"publisher\":{\"@id\":\"https:\/\/test.thealleyresidences.com\/en\/#organization\"},\"potentialAction\":[{\"@type\":\"SearchAction\",\"target\":{\"@type\":\"EntryPoint\",\"urlTemplate\":\"https:\/\/test.thealleyresidences.com\/en\/?s={search_term_string}\"},\"query-input\":{\"@type\":\"PropertyValueSpecification\",\"valueRequired\":true,\"valueName\":\"search_term_string\"}}],\"inLanguage\":\"es\"},{\"@type\":\"Organization\",\"@id\":\"https:\/\/test.thealleyresidences.com\/en\/#organization\",\"name\":\"The Alley\",\"url\":\"https:\/\/test.thealleyresidences.com\/en\/\",\"logo\":{\"@type\":\"ImageObject\",\"inLanguage\":\"es\",\"@id\":\"https:\/\/test.thealleyresidences.com\/en\/#\/schema\/logo\/image\/\",\"url\":\"https:\/\/test.thealleyresidences.com\/wp-content\/uploads\/2024\/11\/favicon-removebg-preview-1.png\",\"contentUrl\":\"https:\/\/test.thealleyresidences.com\/wp-content\/uploads\/2024\/11\/favicon-removebg-preview-1.png\",\"width\":512,\"height\":512,\"caption\":\"The Alley\"},\"image\":{\"@id\":\"https:\/\/test.thealleyresidences.com\/en\/#\/schema\/logo\/image\/\"}}]}<\/script>\n<!-- \/ Yoast SEO plugin. -->","yoast_head_json":{"title":"Cookies - The Alley","robots":{"index":"noindex","follow":"follow"},"og_locale":"es_ES","og_type":"article","og_title":"Cookies - The Alley","og_description":"Cookies Esta p\u00e1gina se modific\u00f3 por \u00faltima vez el 13 de enero de 2025, se comprob\u00f3 por \u00faltima vez el 13 de enero de 2025 y se aplica a ciudadanos y residentes legales permanentes de Estados Unidos. 1. Introducci\u00f3nNuestro sitio web, https:\/\/test.thealleyresidences.com\/en\/ (en adelante, \u00abel sitio web\u00bb) utiliza cookies y otras tecnolog\u00edas relacionadas (para mayor [&hellip;]","og_url":"https:\/\/test.thealleyresidences.com\/es\/cookies\/","og_site_name":"The Alley","article_modified_time":"2025-01-27T12:15:56+00:00","og_image":[{"width":400,"height":400,"url":"https:\/\/test.thealleyresidences.com\/wp-content\/uploads\/2025\/02\/alley-preview.jpg","type":"image\/jpeg"}],"twitter_card":"summary_large_image","twitter_misc":{"Tiempo de lectura":"3 minutos"},"schema":{"@context":"https:\/\/schema.org","@graph":[{"@type":"WebPage","@id":"https:\/\/test.thealleyresidences.com\/es\/cookies\/","url":"https:\/\/test.thealleyresidences.com\/es\/cookies\/","name":"Cookies - The Alley","isPartOf":{"@id":"https:\/\/test.thealleyresidences.com\/en\/#website"},"datePublished":"2024-05-10T07:01:25+00:00","dateModified":"2025-01-27T12:15:56+00:00","breadcrumb":{"@id":"https:\/\/test.thealleyresidences.com\/es\/cookies\/#breadcrumb"},"inLanguage":"es","potentialAction":[{"@type":"ReadAction","target":["https:\/\/test.thealleyresidences.com\/es\/cookies\/"]}]},{"@type":"BreadcrumbList","@id":"https:\/\/test.thealleyresidences.com\/es\/cookies\/#breadcrumb","itemListElement":[{"@type":"ListItem","position":1,"name":"Portada","item":"https:\/\/test.thealleyresidences.com\/en\/"},{"@type":"ListItem","position":2,"name":"Cookies"}]},{"@type":"WebSite","@id":"https:\/\/test.thealleyresidences.com\/en\/#website","url":"https:\/\/test.thealleyresidences.com\/en\/","name":"The Alley","description":"","publisher":{"@id":"https:\/\/test.thealleyresidences.com\/en\/#organization"},"potentialAction":[{"@type":"SearchAction","target":{"@type":"EntryPoint","urlTemplate":"https:\/\/test.thealleyresidences.com\/en\/?s={search_term_string}"},"query-input":{"@type":"PropertyValueSpecification","valueRequired":true,"valueName":"search_term_string"}}],"inLanguage":"es"},{"@type":"Organization","@id":"https:\/\/test.thealleyresidences.com\/en\/#organization","name":"The Alley","url":"https:\/\/test.thealleyresidences.com\/en\/","logo":{"@type":"ImageObject","inLanguage":"es","@id":"https:\/\/test.thealleyresidences.com\/en\/#\/schema\/logo\/image\/","url":"https:\/\/test.thealleyresidences.com\/wp-content\/uploads\/2024\/11\/favicon-removebg-preview-1.png","contentUrl":"https:\/\/test.thealleyresidences.com\/wp-content\/uploads\/2024\/11\/favicon-removebg-preview-1.png","width":512,"height":512,"caption":"The Alley"},"image":{"@id":"https:\/\/test.thealleyresidences.com\/en\/#\/schema\/logo\/image\/"}}]}},"_links":{"self":[{"href":"https:\/\/test.thealleyresidences.com\/es\/wp-json\/wp\/v2\/pages\/543","targetHints":{"allow":["GET"]}}],"collection":[{"href":"https:\/\/test.thealleyresidences.com\/es\/wp-json\/wp\/v2\/pages"}],"about":[{"href":"https:\/\/test.thealleyresidences.com\/es\/wp-json\/wp\/v2\/types\/page"}],"author":[{"embeddable":true,"href":"https:\/\/test.thealleyresidences.com\/es\/wp-json\/wp\/v2\/users\/1"}],"replies":[{"embeddable":true,"href":"https:\/\/test.thealleyresidences.com\/es\/wp-json\/wp\/v2\/comments?post=543"}],"version-history":[{"count":4,"href":"https:\/\/test.thealleyresidences.com\/es\/wp-json\/wp\/v2\/pages\/543\/revisions"}],"predecessor-version":[{"id":8031,"href":"https:\/\/test.thealleyresidences.com\/es\/wp-json\/wp\/v2\/pages\/543\/revisions\/8031"}],"wp:attachment":[{"href":"https:\/\/test.thealleyresidences.com\/es\/wp-json\/wp\/v2\/media?parent=543"}],"curies":[{"name":"wp","href":"https:\/\/api.w.org\/{rel}","templated":true}]}}