{"id":5185,"date":"2024-05-10T06:58:41","date_gmt":"2024-05-10T06:58:41","guid":{"rendered":"https:\/\/test.thealleyresidences.com\/privacidad\/"},"modified":"2024-12-19T13:40:57","modified_gmt":"2024-12-19T13:40:57","slug":"privacidad","status":"publish","type":"page","link":"https:\/\/test.thealleyresidences.com\/es\/privacidad\/","title":{"rendered":"Privacidad"},"content":{"rendered":"\t\t<div data-elementor-type=\"wp-page\" data-elementor-id=\"5185\" class=\"elementor elementor-5185 elementor-541\" data-elementor-post-type=\"page\">\n\t\t\t\t<div class=\"elementor-element elementor-element-db71c84 e-flex e-con-boxed e-con e-parent\" data-id=\"db71c84\" data-element_type=\"container\">\n\t\t\t\t\t<div class=\"e-con-inner\">\n\t\t<div class=\"elementor-element elementor-element-f5f40bc e-con-full e-flex e-con e-child\" data-id=\"f5f40bc\" data-element_type=\"container\">\n\t\t\t\t<div class=\"elementor-element elementor-element-7e24f7f elementor-widget elementor-widget-heading\" data-id=\"7e24f7f\" data-element_type=\"widget\" data-widget_type=\"heading.default\">\n\t\t\t\t<div class=\"elementor-widget-container\">\n\t\t\t<h2 class=\"elementor-heading-title elementor-size-default\">Privacidad<\/h2>\t\t<\/div>\n\t\t\t\t<\/div>\n\t\t\t\t<div class=\"elementor-element elementor-element-2240d2df elementor-widget elementor-widget-text-editor\" data-id=\"2240d2df\" data-element_type=\"widget\" data-widget_type=\"text-editor.default\">\n\t\t\t\t<div class=\"elementor-widget-container\">\n\t\t\t\t\t\t\t<p><strong>\u00bfQui\u00e9n es responsable del tratamiento de tus datos personales?<\/strong><\/p>\n<p>Evoost Real Tech S.L es el <strong>RESPONSABLE<\/strong> del tratamiento de los datos personales del USUARIO y le informa que dichos datos ser\u00e1n tratados de conformidad con lo establecido en el Reglamento (UE) 2016\/679 de 27 de abril (GDPR) y en la Ley Org\u00e1nica 3\/2018, de 5 de diciembre (LOPDGDD).<\/p>\n<p><strong>\u00bfPara qu\u00e9 tratamos tus datos personales?<\/strong><\/p>\n<p>Mantener una relaci\u00f3n comercial con el usuario. Las operaciones previstas para llevar a cabo el tratamiento son: <\/p>\n<ul>\n<li>\n<p><strong>Env\u00edo de comunicaciones comerciales publicitarias<\/strong> por correo electr\u00f3nico, fax, SMS, MMS, redes sociales, o cualquier otro medio electr\u00f3nico o f\u00edsico, presente o futuro, que posibilite realizar comunicaciones comerciales. Estas comunicaciones ser\u00e1n realizadas por el RESPONSABLE y estar\u00e1n relacionadas con sus productos y servicios, o los de sus colaboradores o proveedores, con los que \u00e9ste haya alcanzado alg\u00fan acuerdo de promoci\u00f3n. En este caso, los terceros nunca tendr\u00e1n acceso a los datos personales.  <\/p>\n<\/li>\n<li>\n<p><strong>Realizaci\u00f3n de estudios de mercado y an\u00e1lisis estad\u00edsticos.<\/strong><\/p>\n<\/li>\n<li>\n<p><strong>Tramitar encargos, solicitudes, responder a consultas<\/strong> o cualquier tipo de petici\u00f3n que sea realizada por el USUARIO a trav\u00e9s de cualquiera de los formularios de contacto puestos a disposici\u00f3n en el sitio web del RESPONSABLE.<\/p>\n<\/li>\n<li>\n<p><strong>Env\u00edo del bolet\u00edn online<\/strong> sobre novedades, ofertas y promociones de nuestra actividad.<\/p>\n<\/li>\n<\/ul>\n<p><strong>\u00bfPor qu\u00e9 estamos autorizados a tratar tus datos personales?<\/strong><\/p>\n<p>Porque el tratamiento est\u00e1 legitimado por el art\u00edculo 6 del GDPR de la siguiente manera:<\/p>\n<ul>\n<li>\n<p><strong>Con el consentimiento del USUARIO:<\/strong> env\u00edo de comunicaciones comerciales y del bolet\u00edn informativo.<\/p>\n<\/li>\n<li>\n<p><strong>Por inter\u00e9s leg\u00edtimo del RESPONSABLE:<\/strong> realizaci\u00f3n de estudios de mercado, an\u00e1lisis estad\u00edsticos, etc., y tramitaci\u00f3n de pedidos, solicitudes, etc., a petici\u00f3n del USUARIO.<\/p>\n<\/li>\n<\/ul>\n<p><strong>\u00bfCu\u00e1nto tiempo conservaremos tus datos personales?<\/strong><\/p>\n<p>No se conservar\u00e1n m\u00e1s tiempo del necesario para mantener la finalidad del tratamiento o mientras existan prescripciones legales que dicten su custodia. Cuando dejen de ser necesarios para dicha finalidad, ser\u00e1n suprimidos con las medidas de seguridad adecuadas para garantizar la anonimizaci\u00f3n o destrucci\u00f3n total de los datos. <\/p>\n<p><strong>\u00bfA qui\u00e9n revelamos tus datos personales?<\/strong><\/p>\n<p>No est\u00e1 prevista la comunicaci\u00f3n de datos de car\u00e1cter personal a terceros, salvo que sea necesario para el desarrollo y ejecuci\u00f3n de las finalidades del tratamiento, a nuestros proveedores de servicios relacionados con las comunicaciones, con los que el RESPONSABLE haya suscrito los acuerdos de confidencialidad y tratamiento de datos exigidos por la normativa vigente en materia de privacidad.<\/p>\n<p><strong>\u00bfCu\u00e1les son tus derechos?<\/strong><\/p>\n<p>Los derechos que asisten al USUARIO son:<\/p>\n<ul>\n<li>\n<p><strong>Derecho a retirar el consentimiento<\/strong> en cualquier momento.<\/p>\n<\/li>\n<li>\n<p><strong>Derecho de acceso, rectificaci\u00f3n, portabilidad y supresi\u00f3n de tus datos, y limitaci\u00f3n u oposici\u00f3n<\/strong> a su tratamiento.<\/p>\n<\/li>\n<li>\n<p><strong>Derecho a presentar una reclamaci\u00f3n ante la autoridad de control<\/strong><a href=\"http:\/\/www.aepd.es\" target=\"_new\" rel=\"noopener\">(www.aepd.es)<\/a> si consideras que el tratamiento no se ajusta a la normativa vigente.<\/p>\n<\/li>\n<\/ul>\n<p><strong>Datos de contacto para ejercer tus derechos:<\/strong><\/p>\n<p>Evoost Real Tech S.L.<\/p>\n<p>Calle Jovellanos, 10 BAJO IZQ &#8211; 33206 GIJON (Asturias)<\/p>\n<p>Correo electr\u00f3nico: <a href=\"mailto:protecciondedatos@evoost.ai\">protecciondedatos@evoost.ai<\/a><\/p>\n<hr>\n<p><strong>2. Car\u00e1cter obligatorio o facultativo de la informaci\u00f3n facilitada por el usuario<\/strong><\/p>\n<p>Los USUARIOS, mediante la marcaci\u00f3n de las casillas correspondientes y la introducci\u00f3n de datos en los campos marcados con un asterisco (*) en el formulario de contacto o presentados en formularios de descarga, aceptan de forma expresa, libre e inequ\u00edvoca que sus datos son necesarios para atender su solicitud por parte del prestador, siendo voluntaria la inclusi\u00f3n de datos en los campos restantes. El USUARIO garantiza que los datos personales facilitados al RESPONSABLE son veraces y se hace responsable de comunicar cualquier modificaci\u00f3n de los mismos. <\/p>\n<p>El RESPONSABLE informa que todos los datos solicitados a trav\u00e9s del sitio web son obligatorios, ya que son necesarios para la prestaci\u00f3n de un servicio \u00f3ptimo al USUARIO. En caso de que no sean facilitados todos los datos, no se garantiza que la informaci\u00f3n y servicios facilitados sean completamente ajustados a sus necesidades. <\/p>\n<hr>\n<p><strong>3. Medidas de seguridad<\/strong><\/p>\n<p>De conformidad con lo dispuesto en la normativa vigente en materia de protecci\u00f3n de datos de car\u00e1cter personal, el RESPONSABLE est\u00e1 cumpliendo con todas las disposiciones del GDPR y de la normativa LOPDGDD para el tratamiento de los datos de car\u00e1cter personal bajo su responsabilidad, y expresamente con los principios descritos en el art\u00edculo 5 del GDPR. Esto significa que se tratan de forma l\u00edcita, leal y transparente en relaci\u00f3n con el interesado, y que son adecuados, pertinentes y limitados a lo necesario para los fines para los que se tratan. <\/p>\n<p>El RESPONSABLE garantiza que ha implementado pol\u00edticas t\u00e9cnicas y organizativas apropiadas para aplicar las medidas de seguridad establecidas por el GDPR y la LOPDGDD para proteger los derechos y libertades de los USUARIOS y les ha proporcionado la informaci\u00f3n necesaria para ejercer estos derechos.<\/p>\n<p>Para obtener m\u00e1s informaci\u00f3n sobre las garant\u00edas de privacidad, puedes ponerte en contacto con el CONTROLADOR en:<\/p>\n<p>Evoost Real Tech S.L.<\/p>\n<p><span style=\"text-align: var(--text-align);\">Calle Jovellanos, 10 BAJO IZQ &#8211; 33206 GIJON (Asturias).<\/span><\/p>\n<p><span style=\"text-align: var(--text-align);\">Correo electr\u00f3nico: <\/span><a href=\"mailto:protecciondedatos@evoost.ai\">protecciondedatos@evoost.ai<\/a><\/p>\n\t\t\t\t\t\t<\/div>\n\t\t\t\t<\/div>\n\t\t\t\t<\/div>\n\t\t\t\t\t<\/div>\n\t\t\t\t<\/div>\n\t\t\t\t<\/div>\n\t\t","protected":false},"excerpt":{"rendered":"<p>Privacidad \u00bfQui\u00e9n es responsable del tratamiento de tus datos personales? Evoost Real Tech S.L es el RESPONSABLE del tratamiento de los datos personales del USUARIO y le informa que dichos datos ser\u00e1n tratados de conformidad con lo establecido en el Reglamento (UE) 2016\/679 de 27 de abril (GDPR) y en la Ley Org\u00e1nica 3\/2018, de [&hellip;]<\/p>\n","protected":false},"author":1,"featured_media":0,"parent":0,"menu_order":0,"comment_status":"closed","ping_status":"closed","template":"","meta":{"_acf_changed":false,"footnotes":""},"class_list":["post-5185","page","type-page","status-publish","hentry"],"acf":[],"yoast_head":"<!-- This site is optimized with the Yoast SEO plugin v23.9 - https:\/\/yoast.com\/wordpress\/plugins\/seo\/ -->\n<title>Privacidad - The Alley<\/title>\n<meta name=\"robots\" content=\"index, follow, max-snippet:-1, max-image-preview:large, max-video-preview:-1\" \/>\n<link rel=\"canonical\" href=\"https:\/\/test.thealleyresidences.com\/es\/privacidad\/\" \/>\n<meta property=\"og:locale\" content=\"es_ES\" \/>\n<meta property=\"og:type\" content=\"article\" \/>\n<meta property=\"og:title\" content=\"Privacidad - The Alley\" \/>\n<meta property=\"og:description\" content=\"Privacidad \u00bfQui\u00e9n es responsable del tratamiento de tus datos personales? Evoost Real Tech S.L es el RESPONSABLE del tratamiento de los datos personales del USUARIO y le informa que dichos datos ser\u00e1n tratados de conformidad con lo establecido en el Reglamento (UE) 2016\/679 de 27 de abril (GDPR) y en la Ley Org\u00e1nica 3\/2018, de [&hellip;]\" \/>\n<meta property=\"og:url\" content=\"https:\/\/test.thealleyresidences.com\/es\/privacidad\/\" \/>\n<meta property=\"og:site_name\" content=\"The Alley\" \/>\n<meta property=\"article:modified_time\" content=\"2024-12-19T13:40:57+00:00\" \/>\n<meta property=\"og:image\" content=\"https:\/\/test.thealleyresidences.com\/wp-content\/uploads\/2025\/02\/alley-preview.jpg\" \/>\n\t<meta property=\"og:image:width\" content=\"400\" \/>\n\t<meta property=\"og:image:height\" content=\"400\" \/>\n\t<meta property=\"og:image:type\" content=\"image\/jpeg\" \/>\n<meta name=\"twitter:card\" content=\"summary_large_image\" \/>\n<meta name=\"twitter:label1\" content=\"Tiempo de lectura\" \/>\n\t<meta name=\"twitter:data1\" content=\"4 minutos\" \/>\n<script type=\"application\/ld+json\" class=\"yoast-schema-graph\">{\"@context\":\"https:\/\/schema.org\",\"@graph\":[{\"@type\":\"WebPage\",\"@id\":\"https:\/\/test.thealleyresidences.com\/es\/privacidad\/\",\"url\":\"https:\/\/test.thealleyresidences.com\/es\/privacidad\/\",\"name\":\"Privacidad - The Alley\",\"isPartOf\":{\"@id\":\"https:\/\/test.thealleyresidences.com\/en\/#website\"},\"datePublished\":\"2024-05-10T06:58:41+00:00\",\"dateModified\":\"2024-12-19T13:40:57+00:00\",\"breadcrumb\":{\"@id\":\"https:\/\/test.thealleyresidences.com\/es\/privacidad\/#breadcrumb\"},\"inLanguage\":\"es\",\"potentialAction\":[{\"@type\":\"ReadAction\",\"target\":[\"https:\/\/test.thealleyresidences.com\/es\/privacidad\/\"]}]},{\"@type\":\"BreadcrumbList\",\"@id\":\"https:\/\/test.thealleyresidences.com\/es\/privacidad\/#breadcrumb\",\"itemListElement\":[{\"@type\":\"ListItem\",\"position\":1,\"name\":\"Portada\",\"item\":\"https:\/\/test.thealleyresidences.com\/en\/\"},{\"@type\":\"ListItem\",\"position\":2,\"name\":\"Privacidad\"}]},{\"@type\":\"WebSite\",\"@id\":\"https:\/\/test.thealleyresidences.com\/en\/#website\",\"url\":\"https:\/\/test.thealleyresidences.com\/en\/\",\"name\":\"The Alley\",\"description\":\"\",\"publisher\":{\"@id\":\"https:\/\/test.thealleyresidences.com\/en\/#organization\"},\"potentialAction\":[{\"@type\":\"SearchAction\",\"target\":{\"@type\":\"EntryPoint\",\"urlTemplate\":\"https:\/\/test.thealleyresidences.com\/en\/?s={search_term_string}\"},\"query-input\":{\"@type\":\"PropertyValueSpecification\",\"valueRequired\":true,\"valueName\":\"search_term_string\"}}],\"inLanguage\":\"es\"},{\"@type\":\"Organization\",\"@id\":\"https:\/\/test.thealleyresidences.com\/en\/#organization\",\"name\":\"The Alley\",\"url\":\"https:\/\/test.thealleyresidences.com\/en\/\",\"logo\":{\"@type\":\"ImageObject\",\"inLanguage\":\"es\",\"@id\":\"https:\/\/test.thealleyresidences.com\/en\/#\/schema\/logo\/image\/\",\"url\":\"https:\/\/test.thealleyresidences.com\/wp-content\/uploads\/2024\/11\/favicon-removebg-preview-1.png\",\"contentUrl\":\"https:\/\/test.thealleyresidences.com\/wp-content\/uploads\/2024\/11\/favicon-removebg-preview-1.png\",\"width\":512,\"height\":512,\"caption\":\"The Alley\"},\"image\":{\"@id\":\"https:\/\/test.thealleyresidences.com\/en\/#\/schema\/logo\/image\/\"}}]}<\/script>\n<!-- \/ Yoast SEO plugin. -->","yoast_head_json":{"title":"Privacidad - The Alley","robots":{"index":"index","follow":"follow","max-snippet":"max-snippet:-1","max-image-preview":"max-image-preview:large","max-video-preview":"max-video-preview:-1"},"canonical":"https:\/\/test.thealleyresidences.com\/es\/privacidad\/","og_locale":"es_ES","og_type":"article","og_title":"Privacidad - The Alley","og_description":"Privacidad \u00bfQui\u00e9n es responsable del tratamiento de tus datos personales? Evoost Real Tech S.L es el RESPONSABLE del tratamiento de los datos personales del USUARIO y le informa que dichos datos ser\u00e1n tratados de conformidad con lo establecido en el Reglamento (UE) 2016\/679 de 27 de abril (GDPR) y en la Ley Org\u00e1nica 3\/2018, de [&hellip;]","og_url":"https:\/\/test.thealleyresidences.com\/es\/privacidad\/","og_site_name":"The Alley","article_modified_time":"2024-12-19T13:40:57+00:00","og_image":[{"width":400,"height":400,"url":"https:\/\/test.thealleyresidences.com\/wp-content\/uploads\/2025\/02\/alley-preview.jpg","type":"image\/jpeg"}],"twitter_card":"summary_large_image","twitter_misc":{"Tiempo de lectura":"4 minutos"},"schema":{"@context":"https:\/\/schema.org","@graph":[{"@type":"WebPage","@id":"https:\/\/test.thealleyresidences.com\/es\/privacidad\/","url":"https:\/\/test.thealleyresidences.com\/es\/privacidad\/","name":"Privacidad - The Alley","isPartOf":{"@id":"https:\/\/test.thealleyresidences.com\/en\/#website"},"datePublished":"2024-05-10T06:58:41+00:00","dateModified":"2024-12-19T13:40:57+00:00","breadcrumb":{"@id":"https:\/\/test.thealleyresidences.com\/es\/privacidad\/#breadcrumb"},"inLanguage":"es","potentialAction":[{"@type":"ReadAction","target":["https:\/\/test.thealleyresidences.com\/es\/privacidad\/"]}]},{"@type":"BreadcrumbList","@id":"https:\/\/test.thealleyresidences.com\/es\/privacidad\/#breadcrumb","itemListElement":[{"@type":"ListItem","position":1,"name":"Portada","item":"https:\/\/test.thealleyresidences.com\/en\/"},{"@type":"ListItem","position":2,"name":"Privacidad"}]},{"@type":"WebSite","@id":"https:\/\/test.thealleyresidences.com\/en\/#website","url":"https:\/\/test.thealleyresidences.com\/en\/","name":"The Alley","description":"","publisher":{"@id":"https:\/\/test.thealleyresidences.com\/en\/#organization"},"potentialAction":[{"@type":"SearchAction","target":{"@type":"EntryPoint","urlTemplate":"https:\/\/test.thealleyresidences.com\/en\/?s={search_term_string}"},"query-input":{"@type":"PropertyValueSpecification","valueRequired":true,"valueName":"search_term_string"}}],"inLanguage":"es"},{"@type":"Organization","@id":"https:\/\/test.thealleyresidences.com\/en\/#organization","name":"The Alley","url":"https:\/\/test.thealleyresidences.com\/en\/","logo":{"@type":"ImageObject","inLanguage":"es","@id":"https:\/\/test.thealleyresidences.com\/en\/#\/schema\/logo\/image\/","url":"https:\/\/test.thealleyresidences.com\/wp-content\/uploads\/2024\/11\/favicon-removebg-preview-1.png","contentUrl":"https:\/\/test.thealleyresidences.com\/wp-content\/uploads\/2024\/11\/favicon-removebg-preview-1.png","width":512,"height":512,"caption":"The Alley"},"image":{"@id":"https:\/\/test.thealleyresidences.com\/en\/#\/schema\/logo\/image\/"}}]}},"_links":{"self":[{"href":"https:\/\/test.thealleyresidences.com\/es\/wp-json\/wp\/v2\/pages\/5185","targetHints":{"allow":["GET"]}}],"collection":[{"href":"https:\/\/test.thealleyresidences.com\/es\/wp-json\/wp\/v2\/pages"}],"about":[{"href":"https:\/\/test.thealleyresidences.com\/es\/wp-json\/wp\/v2\/types\/page"}],"author":[{"embeddable":true,"href":"https:\/\/test.thealleyresidences.com\/es\/wp-json\/wp\/v2\/users\/1"}],"replies":[{"embeddable":true,"href":"https:\/\/test.thealleyresidences.com\/es\/wp-json\/wp\/v2\/comments?post=5185"}],"version-history":[{"count":2,"href":"https:\/\/test.thealleyresidences.com\/es\/wp-json\/wp\/v2\/pages\/5185\/revisions"}],"predecessor-version":[{"id":7496,"href":"https:\/\/test.thealleyresidences.com\/es\/wp-json\/wp\/v2\/pages\/5185\/revisions\/7496"}],"wp:attachment":[{"href":"https:\/\/test.thealleyresidences.com\/es\/wp-json\/wp\/v2\/media?parent=5185"}],"curies":[{"name":"wp","href":"https:\/\/api.w.org\/{rel}","templated":true}]}}