{"id":5183,"date":"2024-11-19T15:30:17","date_gmt":"2024-11-19T15:30:17","guid":{"rendered":"https:\/\/test.thealleyresidences.com\/descargo-de-responsabilidad\/"},"modified":"2024-12-13T14:15:07","modified_gmt":"2024-12-13T14:15:07","slug":"descargo-de-responsabilidad","status":"publish","type":"page","link":"https:\/\/test.thealleyresidences.com\/es\/descargo-de-responsabilidad\/","title":{"rendered":"Descargo de responsabilidad"},"content":{"rendered":"\t\t<div data-elementor-type=\"wp-page\" data-elementor-id=\"5183\" class=\"elementor elementor-5183 elementor-4711\" data-elementor-post-type=\"page\">\n\t\t\t\t<div class=\"elementor-element elementor-element-e8508de e-flex e-con-boxed e-con e-parent\" data-id=\"e8508de\" data-element_type=\"container\">\n\t\t\t\t\t<div class=\"e-con-inner\">\n\t\t\t\t<div class=\"elementor-element elementor-element-ccb2b0a elementor-widget elementor-widget-heading\" data-id=\"ccb2b0a\" data-element_type=\"widget\" data-widget_type=\"heading.default\">\n\t\t\t\t<div class=\"elementor-widget-container\">\n\t\t\t<h1 class=\"elementor-heading-title elementor-size-default\">Disclaimer legal<\/h1>\t\t<\/div>\n\t\t\t\t<\/div>\n\t\t\t\t<div class=\"elementor-element elementor-element-32e484f elementor-widget elementor-widget-text-editor\" data-id=\"32e484f\" data-element_type=\"widget\" data-widget_type=\"text-editor.default\">\n\t\t\t\t<div class=\"elementor-widget-container\">\n\t\t\t\t\t\t\t<p>No se puede confiar en las declaraciones orales como una declaraci\u00f3n correcta de las declaraciones del promotor. Para que las declaraciones sean correctas, consulta este folleto y los documentos que, seg\u00fan el art\u00edculo 718.503 de los Estatutos de Florida, debe facilitar un promotor a un comprador o arrendatario. Esto no es una oferta de venta ni una solicitud de ofertas de compra de las unidades del condominio en jurisdicciones en las que dicha oferta o solicitud no pueda realizarse o est\u00e9 prohibida por la ley, y tu elegibilidad para la compra depender\u00e1 de tu estado de residencia. Esta oferta s\u00f3lo puede realizarse mediante los documentos de oferta del condominio y no debe confiarse en ninguna declaraci\u00f3n que no figure en los documentos de oferta. La informaci\u00f3n facilitada, incluidos los precios, tiene \u00fanicamente fines informativos y est\u00e1 sujeta a cambios sin previo aviso.<\/p>\n\t\t\t\t\t\t<\/div>\n\t\t\t\t<\/div>\n\t\t\t\t\t<\/div>\n\t\t\t\t<\/div>\n\t\t\t\t<\/div>\n\t\t","protected":false},"excerpt":{"rendered":"<p>Disclaimer legal No se puede confiar en las declaraciones orales como una declaraci\u00f3n correcta de las declaraciones del promotor. Para que las declaraciones sean correctas, consulta este folleto y los documentos que, seg\u00fan el art\u00edculo 718.503 de los Estatutos de Florida, debe facilitar un promotor a un comprador o arrendatario. Esto no es una oferta [&hellip;]<\/p>\n","protected":false},"author":1,"featured_media":0,"parent":0,"menu_order":0,"comment_status":"closed","ping_status":"closed","template":"","meta":{"_acf_changed":false,"footnotes":""},"class_list":["post-5183","page","type-page","status-publish","hentry"],"acf":[],"yoast_head":"<!-- This site is optimized with the Yoast SEO plugin v23.9 - https:\/\/yoast.com\/wordpress\/plugins\/seo\/ -->\n<title>Descargo de responsabilidad - The Alley<\/title>\n<meta name=\"robots\" content=\"noindex, follow\" \/>\n<meta property=\"og:locale\" content=\"es_ES\" \/>\n<meta property=\"og:type\" content=\"article\" \/>\n<meta property=\"og:title\" content=\"Descargo de responsabilidad - The Alley\" \/>\n<meta property=\"og:description\" content=\"Disclaimer legal No se puede confiar en las declaraciones orales como una declaraci\u00f3n correcta de las declaraciones del promotor. Para que las declaraciones sean correctas, consulta este folleto y los documentos que, seg\u00fan el art\u00edculo 718.503 de los Estatutos de Florida, debe facilitar un promotor a un comprador o arrendatario. Esto no es una oferta [&hellip;]\" \/>\n<meta property=\"og:url\" content=\"https:\/\/test.thealleyresidences.com\/es\/descargo-de-responsabilidad\/\" \/>\n<meta property=\"og:site_name\" content=\"The Alley\" \/>\n<meta property=\"article:modified_time\" content=\"2024-12-13T14:15:07+00:00\" \/>\n<meta property=\"og:image\" content=\"https:\/\/test.thealleyresidences.com\/wp-content\/uploads\/2025\/02\/alley-preview.jpg\" \/>\n\t<meta property=\"og:image:width\" content=\"400\" \/>\n\t<meta property=\"og:image:height\" content=\"400\" \/>\n\t<meta property=\"og:image:type\" content=\"image\/jpeg\" \/>\n<meta name=\"twitter:card\" content=\"summary_large_image\" \/>\n<meta name=\"twitter:label1\" content=\"Tiempo de lectura\" \/>\n\t<meta name=\"twitter:data1\" content=\"1 minuto\" \/>\n<script type=\"application\/ld+json\" class=\"yoast-schema-graph\">{\"@context\":\"https:\/\/schema.org\",\"@graph\":[{\"@type\":\"WebPage\",\"@id\":\"https:\/\/test.thealleyresidences.com\/es\/descargo-de-responsabilidad\/\",\"url\":\"https:\/\/test.thealleyresidences.com\/es\/descargo-de-responsabilidad\/\",\"name\":\"Descargo de responsabilidad - The Alley\",\"isPartOf\":{\"@id\":\"https:\/\/test.thealleyresidences.com\/en\/#website\"},\"datePublished\":\"2024-11-19T15:30:17+00:00\",\"dateModified\":\"2024-12-13T14:15:07+00:00\",\"breadcrumb\":{\"@id\":\"https:\/\/test.thealleyresidences.com\/es\/descargo-de-responsabilidad\/#breadcrumb\"},\"inLanguage\":\"es\",\"potentialAction\":[{\"@type\":\"ReadAction\",\"target\":[\"https:\/\/test.thealleyresidences.com\/es\/descargo-de-responsabilidad\/\"]}]},{\"@type\":\"BreadcrumbList\",\"@id\":\"https:\/\/test.thealleyresidences.com\/es\/descargo-de-responsabilidad\/#breadcrumb\",\"itemListElement\":[{\"@type\":\"ListItem\",\"position\":1,\"name\":\"Portada\",\"item\":\"https:\/\/test.thealleyresidences.com\/en\/\"},{\"@type\":\"ListItem\",\"position\":2,\"name\":\"Descargo de responsabilidad\"}]},{\"@type\":\"WebSite\",\"@id\":\"https:\/\/test.thealleyresidences.com\/en\/#website\",\"url\":\"https:\/\/test.thealleyresidences.com\/en\/\",\"name\":\"The Alley\",\"description\":\"\",\"publisher\":{\"@id\":\"https:\/\/test.thealleyresidences.com\/en\/#organization\"},\"potentialAction\":[{\"@type\":\"SearchAction\",\"target\":{\"@type\":\"EntryPoint\",\"urlTemplate\":\"https:\/\/test.thealleyresidences.com\/en\/?s={search_term_string}\"},\"query-input\":{\"@type\":\"PropertyValueSpecification\",\"valueRequired\":true,\"valueName\":\"search_term_string\"}}],\"inLanguage\":\"es\"},{\"@type\":\"Organization\",\"@id\":\"https:\/\/test.thealleyresidences.com\/en\/#organization\",\"name\":\"The Alley\",\"url\":\"https:\/\/test.thealleyresidences.com\/en\/\",\"logo\":{\"@type\":\"ImageObject\",\"inLanguage\":\"es\",\"@id\":\"https:\/\/test.thealleyresidences.com\/en\/#\/schema\/logo\/image\/\",\"url\":\"https:\/\/test.thealleyresidences.com\/wp-content\/uploads\/2024\/11\/favicon-removebg-preview-1.png\",\"contentUrl\":\"https:\/\/test.thealleyresidences.com\/wp-content\/uploads\/2024\/11\/favicon-removebg-preview-1.png\",\"width\":512,\"height\":512,\"caption\":\"The Alley\"},\"image\":{\"@id\":\"https:\/\/test.thealleyresidences.com\/en\/#\/schema\/logo\/image\/\"}}]}<\/script>\n<!-- \/ Yoast SEO plugin. -->","yoast_head_json":{"title":"Descargo de responsabilidad - The Alley","robots":{"index":"noindex","follow":"follow"},"og_locale":"es_ES","og_type":"article","og_title":"Descargo de responsabilidad - The Alley","og_description":"Disclaimer legal No se puede confiar en las declaraciones orales como una declaraci\u00f3n correcta de las declaraciones del promotor. Para que las declaraciones sean correctas, consulta este folleto y los documentos que, seg\u00fan el art\u00edculo 718.503 de los Estatutos de Florida, debe facilitar un promotor a un comprador o arrendatario. Esto no es una oferta [&hellip;]","og_url":"https:\/\/test.thealleyresidences.com\/es\/descargo-de-responsabilidad\/","og_site_name":"The Alley","article_modified_time":"2024-12-13T14:15:07+00:00","og_image":[{"width":400,"height":400,"url":"https:\/\/test.thealleyresidences.com\/wp-content\/uploads\/2025\/02\/alley-preview.jpg","type":"image\/jpeg"}],"twitter_card":"summary_large_image","twitter_misc":{"Tiempo de lectura":"1 minuto"},"schema":{"@context":"https:\/\/schema.org","@graph":[{"@type":"WebPage","@id":"https:\/\/test.thealleyresidences.com\/es\/descargo-de-responsabilidad\/","url":"https:\/\/test.thealleyresidences.com\/es\/descargo-de-responsabilidad\/","name":"Descargo de responsabilidad - The Alley","isPartOf":{"@id":"https:\/\/test.thealleyresidences.com\/en\/#website"},"datePublished":"2024-11-19T15:30:17+00:00","dateModified":"2024-12-13T14:15:07+00:00","breadcrumb":{"@id":"https:\/\/test.thealleyresidences.com\/es\/descargo-de-responsabilidad\/#breadcrumb"},"inLanguage":"es","potentialAction":[{"@type":"ReadAction","target":["https:\/\/test.thealleyresidences.com\/es\/descargo-de-responsabilidad\/"]}]},{"@type":"BreadcrumbList","@id":"https:\/\/test.thealleyresidences.com\/es\/descargo-de-responsabilidad\/#breadcrumb","itemListElement":[{"@type":"ListItem","position":1,"name":"Portada","item":"https:\/\/test.thealleyresidences.com\/en\/"},{"@type":"ListItem","position":2,"name":"Descargo de responsabilidad"}]},{"@type":"WebSite","@id":"https:\/\/test.thealleyresidences.com\/en\/#website","url":"https:\/\/test.thealleyresidences.com\/en\/","name":"The Alley","description":"","publisher":{"@id":"https:\/\/test.thealleyresidences.com\/en\/#organization"},"potentialAction":[{"@type":"SearchAction","target":{"@type":"EntryPoint","urlTemplate":"https:\/\/test.thealleyresidences.com\/en\/?s={search_term_string}"},"query-input":{"@type":"PropertyValueSpecification","valueRequired":true,"valueName":"search_term_string"}}],"inLanguage":"es"},{"@type":"Organization","@id":"https:\/\/test.thealleyresidences.com\/en\/#organization","name":"The Alley","url":"https:\/\/test.thealleyresidences.com\/en\/","logo":{"@type":"ImageObject","inLanguage":"es","@id":"https:\/\/test.thealleyresidences.com\/en\/#\/schema\/logo\/image\/","url":"https:\/\/test.thealleyresidences.com\/wp-content\/uploads\/2024\/11\/favicon-removebg-preview-1.png","contentUrl":"https:\/\/test.thealleyresidences.com\/wp-content\/uploads\/2024\/11\/favicon-removebg-preview-1.png","width":512,"height":512,"caption":"The Alley"},"image":{"@id":"https:\/\/test.thealleyresidences.com\/en\/#\/schema\/logo\/image\/"}}]}},"_links":{"self":[{"href":"https:\/\/test.thealleyresidences.com\/es\/wp-json\/wp\/v2\/pages\/5183","targetHints":{"allow":["GET"]}}],"collection":[{"href":"https:\/\/test.thealleyresidences.com\/es\/wp-json\/wp\/v2\/pages"}],"about":[{"href":"https:\/\/test.thealleyresidences.com\/es\/wp-json\/wp\/v2\/types\/page"}],"author":[{"embeddable":true,"href":"https:\/\/test.thealleyresidences.com\/es\/wp-json\/wp\/v2\/users\/1"}],"replies":[{"embeddable":true,"href":"https:\/\/test.thealleyresidences.com\/es\/wp-json\/wp\/v2\/comments?post=5183"}],"version-history":[{"count":1,"href":"https:\/\/test.thealleyresidences.com\/es\/wp-json\/wp\/v2\/pages\/5183\/revisions"}],"predecessor-version":[{"id":6826,"href":"https:\/\/test.thealleyresidences.com\/es\/wp-json\/wp\/v2\/pages\/5183\/revisions\/6826"}],"wp:attachment":[{"href":"https:\/\/test.thealleyresidences.com\/es\/wp-json\/wp\/v2\/media?parent=5183"}],"curies":[{"name":"wp","href":"https:\/\/api.w.org\/{rel}","templated":true}]}}