{"id":5181,"date":"2024-05-10T06:57:55","date_gmt":"2024-05-10T06:57:55","guid":{"rendered":"https:\/\/test.thealleyresidences.com\/aviso-legal\/"},"modified":"2024-12-19T13:40:34","modified_gmt":"2024-12-19T13:40:34","slug":"aviso-legal","status":"publish","type":"page","link":"https:\/\/test.thealleyresidences.com\/es\/aviso-legal\/","title":{"rendered":"Aviso legal"},"content":{"rendered":"\t\t<div data-elementor-type=\"wp-page\" data-elementor-id=\"5181\" class=\"elementor elementor-5181 elementor-538\" data-elementor-post-type=\"page\">\n\t\t\t\t<div class=\"elementor-element elementor-element-cd1d660 e-flex e-con-boxed e-con e-parent\" data-id=\"cd1d660\" data-element_type=\"container\">\n\t\t\t\t\t<div class=\"e-con-inner\">\n\t\t<div class=\"elementor-element elementor-element-377e3c1 e-con-full e-flex e-con e-child\" data-id=\"377e3c1\" data-element_type=\"container\">\n\t\t\t\t<div class=\"elementor-element elementor-element-8b14d11 elementor-widget elementor-widget-heading\" data-id=\"8b14d11\" data-element_type=\"widget\" data-widget_type=\"heading.default\">\n\t\t\t\t<div class=\"elementor-widget-container\">\n\t\t\t<h2 class=\"elementor-heading-title elementor-size-default\">Aviso legal<\/h2>\t\t<\/div>\n\t\t\t\t<\/div>\n\t\t\t\t<div class=\"elementor-element elementor-element-11010580 elementor-widget elementor-widget-text-editor\" data-id=\"11010580\" data-element_type=\"widget\" data-widget_type=\"text-editor.default\">\n\t\t\t\t<div class=\"elementor-widget-container\">\n\t\t\t\t\t\t\t<p>Evoost Real Tech S.L, responsable del sitio web, en adelante RESPONSABLE, pone a disposici\u00f3n de los usuarios el presente documento, con el que pretende dar cumplimiento a las obligaciones dispuestas en la Ley 34\/2002, de 11 de julio, de Servicios de la Sociedad de la Informaci\u00f3n y del Comercio Electr\u00f3nico (LSSICE), BOE n\u00ba 166, as\u00ed como informar a todos los usuarios del sitio web respecto a cu\u00e1les son las condiciones de uso del mismo.<\/p>\n<p>Toda persona que acceda a este sitio web asume el papel de usuario, comprometi\u00e9ndose a la observancia y cumplimiento riguroso de las disposiciones aqu\u00ed dispuestas, as\u00ed como a cualesquiera otra disposici\u00f3n legal que fuera de aplicaci\u00f3n.<\/p>\n<p>Evoost Real Tech S.L. se reserva el derecho a modificar cualquier tipo de informaci\u00f3n que pudiera aparecer en el sitio web, sin que exista obligaci\u00f3n de preavisar o poner en conocimiento de los usuarios dichas obligaciones, entendi\u00e9ndose como suficiente con la publicaci\u00f3n en el sitio web de Evoost Real Tech S.L..<\/p>\n<p><b>1. Datos de identificaci\u00f3n<br \/><\/b><\/p>\n<ul>\n<li><b><strong>Nombre del dominio<\/strong><\/b>: https:\/\/test.thealleyresidences.com\/<\/li>\n<li><b><strong>Nombre comercial<\/strong><\/b>: Evoost Real Tech S.L.<\/li>\n<li><b><strong>Nombre de la empresa<\/strong><\/b>: Evoost Real Tech S.L.<\/li>\n<li><b><strong>N\u00daMERO DE IDENTIFICACI\u00d3N FISCAL<\/strong><\/b>: B16420051<\/li>\n<li><b><strong>Domicilio social<\/strong><\/b>: C\/ Jovellanos 10 BAJOIZQ, 33206 GIJON (ASTURIAS)<\/li>\n<li><b><strong>Correo electr\u00f3nico<\/strong><\/b>: <a href=\"mailto:protecciondedatos@evoost.ai\">protecciondedatos@evoost.ai<\/a><\/li>\n<\/ul>\n<div> <\/div>\n<h5>2. Derechos de propiedad intelectual e industrial<\/h5>\n<p>El sitio web, incluyendo a t\u00edtulo enunciativo pero no limitativo su programaci\u00f3n, edici\u00f3n, compilaci\u00f3n y dem\u00e1s elementos necesarios para su funcionamiento, los dise\u00f1os, logotipos, texto y\/o gr\u00e1ficos son propiedad del RESPONSABLE o en su caso dispone de licencia o autorizaci\u00f3n expresa por parte de los autores. Todos los contenidos del sitio web se encuentran debidamente protegidos por la normativa de propiedad intelectual e industrial, as\u00ed como inscritos en los registros p\u00fablicos correspondientes. <\/p>\n<p>Independientemente de la finalidad para la que fueran destinados, la reproducci\u00f3n total o parcial, uso, explotaci\u00f3n, distribuci\u00f3n y comercializaci\u00f3n, requiere en todo caso de la autorizaci\u00f3n escrita previa por parte del RESPONSABLE. Cualquier uso no autorizado previamente se considerar\u00e1 un incumplimiento grave de los derechos de propiedad intelectual o industrial del autor. <\/p>\n<p>Los dise\u00f1os, logotipos, texto y\/o gr\u00e1ficos ajenos al RESPONSABLE y que pudieran aparecer en el sitio web, pertenecen a sus respectivos propietarios, siendo ellos mismos responsables de cualquier posible controversia que pudiera suscitarse respecto a los mismos. El RESPONSABLE autoriza expresamente a que terceros puedan redirigir directamente a los contenidos concretos del sitio web, y en todo caso redirigir al sitio web principal http:\/\/www.evoost.es\/. <\/p>\n<p>El RESPONSABLE reconoce a favor de sus titulares los correspondientes derechos de propiedad intelectual e industrial, no implicando su sola menci\u00f3n o aparici\u00f3n en el sitio web la existencia de derechos o responsabilidad alguna sobre los mismos, como tampoco respaldo, patrocinio o recomendaci\u00f3n por parte del mismo.<\/p>\n<p>Para realizar cualquier tipo de observaci\u00f3n respecto a posibles incumplimientos de los derechos de propiedad intelectual o industrial, as\u00ed como sobre cualquiera de los contenidos del sitio web, puede hacerlo a trav\u00e9s del correo electr\u00f3nico marketing@evoost.ai<\/p>\n<h5>3. Exenci\u00f3n de responsabilidad<\/h5>\n<p>El RESPONSABLE se exime de cualquier tipo de responsabilidad derivada de la informaci\u00f3n publicada en su sitio web siempre que esta informaci\u00f3n haya sido manipulada o introducida por un tercero ajeno al mismo.<\/p>\n<h5>Pol\u00edtica de enlaces<\/h5>\n<p>Desde el sitio web es posible que se redirija a contenidos de terceros sitios web. Dado que el RESPONSABLE no puede controlar siempre los contenidos introducidos por los terceros en sus respectivos sitios web, \u00e9ste no asume ning\u00fan tipo de responsabilidad respecto a dichos contenidos. En todo caso, proceder\u00e1 a la retirada inmediata de cualquier contenido que pudiera contravenir la legislaci\u00f3n nacional o internacional, la moral o el orden p\u00fablico, procediendo a la retirada inmediata de la redirecci\u00f3n a dicho sitio web, poniendo en conocimiento de las autoridades competentes el contenido en cuesti\u00f3n.  <\/p>\n<p>El RESPONSABLE no se hace responsable de la informaci\u00f3n y contenidos almacenados, a t\u00edtulo enunciativo pero no limitativo, en foros, chats, generadores de blogs, comentarios, redes sociales o cualesquiera otro medio que permita a terceros publicar contenidos de forma independiente en la p\u00e1gina web del RESPONSABLE. No obstante, y en cumplimiento de lo dispuesto en los art\u00edculos 11 y 16 de la LSSICE, se pone a disposici\u00f3n de todos los usuarios, autoridades y fuerzas de seguridad, colaborando de forma activa en la retirada o en su caso bloqueo de todos aquellos contenidos que pudieran afectar o contravenir la legislaci\u00f3n nacional, o internacional, derechos de terceros o la moral y el orden p\u00fablico. En caso de que el usuario considere que existe en el sitio web alg\u00fan contenido que pudiera ser susceptible de esta clasificaci\u00f3n, se ruega lo notifique de forma inmediata al administrador del sitio web.  <\/p>\n<p>Este sitio web ha sido comprobado y probado para garantizar su correcto funcionamiento. En principio, se puede garantizar su correcto funcionamiento los 365 d\u00edas del a\u00f1o, las 24 horas del d\u00eda. No obstante, el RESPONSABLE no descarta la posibilidad de que existan ciertos errores de programaci\u00f3n, o que acontezcan causas de fuerza mayor, cat\u00e1strofes naturales, huelgas, o circunstancias semejantes que hagan imposible el acceso a la p\u00e1gina web.  <\/p>\n<h5><span style=\"letter-spacing: 0px; text-align: var(--text-align); font-size: 16px;\">Direcciones IP<\/span><\/h5>\n<p><span style=\"letter-spacing: 0px; text-align: var(--text-align); font-size: 14px;\">Los servidores del sitio web podr\u00e1n detectar autom\u00e1ticamente la direcci\u00f3n IP y el nombre de dominio utilizados por el usuario. Una direcci\u00f3n IP es un n\u00famero asignado autom\u00e1ticamente a un ordenador cuando se conecta a Internet. Toda esta informaci\u00f3n es registrada en un fichero de actividad del servidor que permite el posterior procesamiento de los datos con el fin de obtener mediciones \u00fanicamente estad\u00edsticas que permitan conocer el n\u00famero de impresiones de p\u00e1ginas, el n\u00famero de visitas realizadas a los servidores web, el orden de visitas, el punto de acceso, etc.  <\/span><\/p>\n<h5>4. Ley aplicable y jurisdicci\u00f3n<\/h5>\n<p><span style=\"letter-spacing: 0px; text-align: var(--text-align);\">Para la resoluci\u00f3n de todas las controversias o cuestiones relacionadas con el presente sitio web o de las actividades en \u00e9l desarrolladas, ser\u00e1 de aplicaci\u00f3n la legislaci\u00f3n espa\u00f1ola, a la que se someten expresamente las partes, siendo competentes para la resoluci\u00f3n de todos los conflictos derivados o relacionados con su uso los Juzgados y Tribunales m\u00e1s cercanos a GIJON.<\/span><\/p>\n\t\t\t\t\t\t<\/div>\n\t\t\t\t<\/div>\n\t\t\t\t<\/div>\n\t\t\t\t\t<\/div>\n\t\t\t\t<\/div>\n\t\t\t\t<\/div>\n\t\t","protected":false},"excerpt":{"rendered":"<p>Aviso legal Evoost Real Tech S.L, responsable del sitio web, en adelante RESPONSABLE, pone a disposici\u00f3n de los usuarios el presente documento, con el que pretende dar cumplimiento a las obligaciones dispuestas en la Ley 34\/2002, de 11 de julio, de Servicios de la Sociedad de la Informaci\u00f3n y del Comercio Electr\u00f3nico (LSSICE), BOE n\u00ba [&hellip;]<\/p>\n","protected":false},"author":1,"featured_media":0,"parent":0,"menu_order":0,"comment_status":"closed","ping_status":"closed","template":"","meta":{"_acf_changed":false,"footnotes":""},"class_list":["post-5181","page","type-page","status-publish","hentry"],"acf":[],"yoast_head":"<!-- This site is optimized with the Yoast SEO plugin v23.9 - https:\/\/yoast.com\/wordpress\/plugins\/seo\/ -->\n<title>Aviso legal - The Alley<\/title>\n<meta name=\"robots\" content=\"index, follow, max-snippet:-1, max-image-preview:large, max-video-preview:-1\" \/>\n<link rel=\"canonical\" href=\"https:\/\/test.thealleyresidences.com\/es\/aviso-legal\/\" \/>\n<meta property=\"og:locale\" content=\"es_ES\" \/>\n<meta property=\"og:type\" content=\"article\" \/>\n<meta property=\"og:title\" content=\"Aviso legal - The Alley\" \/>\n<meta property=\"og:description\" content=\"Aviso legal Evoost Real Tech S.L, responsable del sitio web, en adelante RESPONSABLE, pone a disposici\u00f3n de los usuarios el presente documento, con el que pretende dar cumplimiento a las obligaciones dispuestas en la Ley 34\/2002, de 11 de julio, de Servicios de la Sociedad de la Informaci\u00f3n y del Comercio Electr\u00f3nico (LSSICE), BOE n\u00ba [&hellip;]\" \/>\n<meta property=\"og:url\" content=\"https:\/\/test.thealleyresidences.com\/es\/aviso-legal\/\" \/>\n<meta property=\"og:site_name\" content=\"The Alley\" \/>\n<meta property=\"article:modified_time\" content=\"2024-12-19T13:40:34+00:00\" \/>\n<meta property=\"og:image\" content=\"https:\/\/test.thealleyresidences.com\/wp-content\/uploads\/2025\/02\/alley-preview.jpg\" \/>\n\t<meta property=\"og:image:width\" content=\"400\" \/>\n\t<meta property=\"og:image:height\" content=\"400\" \/>\n\t<meta property=\"og:image:type\" content=\"image\/jpeg\" \/>\n<meta name=\"twitter:card\" content=\"summary_large_image\" \/>\n<meta name=\"twitter:label1\" content=\"Tiempo de lectura\" \/>\n\t<meta name=\"twitter:data1\" content=\"5 minutos\" \/>\n<script type=\"application\/ld+json\" class=\"yoast-schema-graph\">{\"@context\":\"https:\/\/schema.org\",\"@graph\":[{\"@type\":\"WebPage\",\"@id\":\"https:\/\/test.thealleyresidences.com\/es\/aviso-legal\/\",\"url\":\"https:\/\/test.thealleyresidences.com\/es\/aviso-legal\/\",\"name\":\"Aviso legal - The Alley\",\"isPartOf\":{\"@id\":\"https:\/\/test.thealleyresidences.com\/en\/#website\"},\"datePublished\":\"2024-05-10T06:57:55+00:00\",\"dateModified\":\"2024-12-19T13:40:34+00:00\",\"breadcrumb\":{\"@id\":\"https:\/\/test.thealleyresidences.com\/es\/aviso-legal\/#breadcrumb\"},\"inLanguage\":\"es\",\"potentialAction\":[{\"@type\":\"ReadAction\",\"target\":[\"https:\/\/test.thealleyresidences.com\/es\/aviso-legal\/\"]}]},{\"@type\":\"BreadcrumbList\",\"@id\":\"https:\/\/test.thealleyresidences.com\/es\/aviso-legal\/#breadcrumb\",\"itemListElement\":[{\"@type\":\"ListItem\",\"position\":1,\"name\":\"Portada\",\"item\":\"https:\/\/test.thealleyresidences.com\/en\/\"},{\"@type\":\"ListItem\",\"position\":2,\"name\":\"Aviso legal\"}]},{\"@type\":\"WebSite\",\"@id\":\"https:\/\/test.thealleyresidences.com\/en\/#website\",\"url\":\"https:\/\/test.thealleyresidences.com\/en\/\",\"name\":\"The Alley\",\"description\":\"\",\"publisher\":{\"@id\":\"https:\/\/test.thealleyresidences.com\/en\/#organization\"},\"potentialAction\":[{\"@type\":\"SearchAction\",\"target\":{\"@type\":\"EntryPoint\",\"urlTemplate\":\"https:\/\/test.thealleyresidences.com\/en\/?s={search_term_string}\"},\"query-input\":{\"@type\":\"PropertyValueSpecification\",\"valueRequired\":true,\"valueName\":\"search_term_string\"}}],\"inLanguage\":\"es\"},{\"@type\":\"Organization\",\"@id\":\"https:\/\/test.thealleyresidences.com\/en\/#organization\",\"name\":\"The Alley\",\"url\":\"https:\/\/test.thealleyresidences.com\/en\/\",\"logo\":{\"@type\":\"ImageObject\",\"inLanguage\":\"es\",\"@id\":\"https:\/\/test.thealleyresidences.com\/en\/#\/schema\/logo\/image\/\",\"url\":\"https:\/\/test.thealleyresidences.com\/wp-content\/uploads\/2024\/11\/favicon-removebg-preview-1.png\",\"contentUrl\":\"https:\/\/test.thealleyresidences.com\/wp-content\/uploads\/2024\/11\/favicon-removebg-preview-1.png\",\"width\":512,\"height\":512,\"caption\":\"The Alley\"},\"image\":{\"@id\":\"https:\/\/test.thealleyresidences.com\/en\/#\/schema\/logo\/image\/\"}}]}<\/script>\n<!-- \/ Yoast SEO plugin. -->","yoast_head_json":{"title":"Aviso legal - The Alley","robots":{"index":"index","follow":"follow","max-snippet":"max-snippet:-1","max-image-preview":"max-image-preview:large","max-video-preview":"max-video-preview:-1"},"canonical":"https:\/\/test.thealleyresidences.com\/es\/aviso-legal\/","og_locale":"es_ES","og_type":"article","og_title":"Aviso legal - The Alley","og_description":"Aviso legal Evoost Real Tech S.L, responsable del sitio web, en adelante RESPONSABLE, pone a disposici\u00f3n de los usuarios el presente documento, con el que pretende dar cumplimiento a las obligaciones dispuestas en la Ley 34\/2002, de 11 de julio, de Servicios de la Sociedad de la Informaci\u00f3n y del Comercio Electr\u00f3nico (LSSICE), BOE n\u00ba [&hellip;]","og_url":"https:\/\/test.thealleyresidences.com\/es\/aviso-legal\/","og_site_name":"The Alley","article_modified_time":"2024-12-19T13:40:34+00:00","og_image":[{"width":400,"height":400,"url":"https:\/\/test.thealleyresidences.com\/wp-content\/uploads\/2025\/02\/alley-preview.jpg","type":"image\/jpeg"}],"twitter_card":"summary_large_image","twitter_misc":{"Tiempo de lectura":"5 minutos"},"schema":{"@context":"https:\/\/schema.org","@graph":[{"@type":"WebPage","@id":"https:\/\/test.thealleyresidences.com\/es\/aviso-legal\/","url":"https:\/\/test.thealleyresidences.com\/es\/aviso-legal\/","name":"Aviso legal - The Alley","isPartOf":{"@id":"https:\/\/test.thealleyresidences.com\/en\/#website"},"datePublished":"2024-05-10T06:57:55+00:00","dateModified":"2024-12-19T13:40:34+00:00","breadcrumb":{"@id":"https:\/\/test.thealleyresidences.com\/es\/aviso-legal\/#breadcrumb"},"inLanguage":"es","potentialAction":[{"@type":"ReadAction","target":["https:\/\/test.thealleyresidences.com\/es\/aviso-legal\/"]}]},{"@type":"BreadcrumbList","@id":"https:\/\/test.thealleyresidences.com\/es\/aviso-legal\/#breadcrumb","itemListElement":[{"@type":"ListItem","position":1,"name":"Portada","item":"https:\/\/test.thealleyresidences.com\/en\/"},{"@type":"ListItem","position":2,"name":"Aviso legal"}]},{"@type":"WebSite","@id":"https:\/\/test.thealleyresidences.com\/en\/#website","url":"https:\/\/test.thealleyresidences.com\/en\/","name":"The Alley","description":"","publisher":{"@id":"https:\/\/test.thealleyresidences.com\/en\/#organization"},"potentialAction":[{"@type":"SearchAction","target":{"@type":"EntryPoint","urlTemplate":"https:\/\/test.thealleyresidences.com\/en\/?s={search_term_string}"},"query-input":{"@type":"PropertyValueSpecification","valueRequired":true,"valueName":"search_term_string"}}],"inLanguage":"es"},{"@type":"Organization","@id":"https:\/\/test.thealleyresidences.com\/en\/#organization","name":"The Alley","url":"https:\/\/test.thealleyresidences.com\/en\/","logo":{"@type":"ImageObject","inLanguage":"es","@id":"https:\/\/test.thealleyresidences.com\/en\/#\/schema\/logo\/image\/","url":"https:\/\/test.thealleyresidences.com\/wp-content\/uploads\/2024\/11\/favicon-removebg-preview-1.png","contentUrl":"https:\/\/test.thealleyresidences.com\/wp-content\/uploads\/2024\/11\/favicon-removebg-preview-1.png","width":512,"height":512,"caption":"The Alley"},"image":{"@id":"https:\/\/test.thealleyresidences.com\/en\/#\/schema\/logo\/image\/"}}]}},"_links":{"self":[{"href":"https:\/\/test.thealleyresidences.com\/es\/wp-json\/wp\/v2\/pages\/5181","targetHints":{"allow":["GET"]}}],"collection":[{"href":"https:\/\/test.thealleyresidences.com\/es\/wp-json\/wp\/v2\/pages"}],"about":[{"href":"https:\/\/test.thealleyresidences.com\/es\/wp-json\/wp\/v2\/types\/page"}],"author":[{"embeddable":true,"href":"https:\/\/test.thealleyresidences.com\/es\/wp-json\/wp\/v2\/users\/1"}],"replies":[{"embeddable":true,"href":"https:\/\/test.thealleyresidences.com\/es\/wp-json\/wp\/v2\/comments?post=5181"}],"version-history":[{"count":3,"href":"https:\/\/test.thealleyresidences.com\/es\/wp-json\/wp\/v2\/pages\/5181\/revisions"}],"predecessor-version":[{"id":7494,"href":"https:\/\/test.thealleyresidences.com\/es\/wp-json\/wp\/v2\/pages\/5181\/revisions\/7494"}],"wp:attachment":[{"href":"https:\/\/test.thealleyresidences.com\/es\/wp-json\/wp\/v2\/media?parent=5181"}],"curies":[{"name":"wp","href":"https:\/\/api.w.org\/{rel}","templated":true}]}}